{"id":9978,"date":"2022-08-01T10:05:27","date_gmt":"2022-08-01T10:05:27","guid":{"rendered":"https:\/\/www.kaoka.fr\/%e3%83%94%e3%83%bc%e3%82%aa%e3%83%bc%e3%82%a8%e3%82%b9\/"},"modified":"2022-08-01T10:55:40","modified_gmt":"2022-08-01T10:55:40","slug":"%e3%83%94%e3%83%bc%e3%82%aa%e3%83%bc%e3%82%a8%e3%82%b9","status":"publish","type":"page","link":"https:\/\/www.kaoka.fr\/ja\/%e3%83%94%e3%83%bc%e3%82%aa%e3%83%bc%e3%82%a8%e3%82%b9\/","title":{"rendered":"\u30d4\u30fc\u30aa\u30fc\u30a8\u30b9"},"content":{"rendered":"","protected":false},"excerpt":{"rendered":"","protected":false},"author":1,"featured_media":0,"parent":0,"menu_order":0,"comment_status":"closed","ping_status":"closed","template":"page-stores.php","meta":{"_acf_changed":false,"footnotes":""},"class_list":["post-9978","page","type-page","status-publish","hentry"],"acf":{"title":"","label":"","helper":"","_thumbnail_id":false},"yoast_head":"<!-- This site is optimized with the Yoast SEO plugin v27.5 - https:\/\/yoast.com\/product\/yoast-seo-wordpress\/ -->\n<title>Kaoka | Points de vente : O\u00f9 Acheter nos Chocolats ?<\/title>\n<meta name=\"description\" content=\"Engag\u00e9e dans une d\u00e9marche bio \u00e9quitable depuis 1993, KAOKA est pr\u00e9sent dans 4 fili\u00e8res cacao: P\u00e9rou, Equateur, S\u00e3o Tom\u00e9 et R\u00e9publique Dominicaine.\" \/>\n<meta name=\"robots\" content=\"index, follow, max-snippet:-1, max-image-preview:large, max-video-preview:-1\" \/>\n<link rel=\"canonical\" href=\"https:\/\/www.kaoka.fr\/ja\/%e3%83%94%e3%83%bc%e3%82%aa%e3%83%bc%e3%82%a8%e3%82%b9\/\" \/>\n<meta property=\"og:locale\" content=\"ja_JP\" \/>\n<meta property=\"og:type\" content=\"article\" \/>\n<meta property=\"og:title\" content=\"Kaoka | Points de vente : O\u00f9 Acheter nos Chocolats ?\" \/>\n<meta property=\"og:description\" content=\"Engag\u00e9e dans une d\u00e9marche bio \u00e9quitable depuis 1993, KAOKA est pr\u00e9sent dans 4 fili\u00e8res cacao: P\u00e9rou, Equateur, S\u00e3o Tom\u00e9 et R\u00e9publique Dominicaine.\" \/>\n<meta property=\"og:url\" content=\"https:\/\/www.kaoka.fr\/ja\/%e3%83%94%e3%83%bc%e3%82%aa%e3%83%bc%e3%82%a8%e3%82%b9\/\" \/>\n<meta property=\"og:site_name\" content=\"KAOKA\" \/>\n<meta property=\"article:modified_time\" content=\"2022-08-01T10:55:40+00:00\" \/>\n<meta name=\"twitter:card\" content=\"summary_large_image\" \/>\n<script type=\"application\/ld+json\" class=\"yoast-schema-graph\">{\"@context\":\"https:\\\/\\\/schema.org\",\"@graph\":[{\"@type\":\"WebPage\",\"@id\":\"https:\\\/\\\/www.kaoka.fr\\\/ja\\\/%e3%83%94%e3%83%bc%e3%82%aa%e3%83%bc%e3%82%a8%e3%82%b9\\\/\",\"url\":\"https:\\\/\\\/www.kaoka.fr\\\/ja\\\/%e3%83%94%e3%83%bc%e3%82%aa%e3%83%bc%e3%82%a8%e3%82%b9\\\/\",\"name\":\"Kaoka | Points de vente : O\u00f9 Acheter nos Chocolats ?\",\"isPartOf\":{\"@id\":\"https:\\\/\\\/www.kaoka.fr\\\/ja\\\/#website\"},\"datePublished\":\"2022-08-01T10:05:27+00:00\",\"dateModified\":\"2022-08-01T10:55:40+00:00\",\"description\":\"Engag\u00e9e dans une d\u00e9marche bio \u00e9quitable depuis 1993, KAOKA est pr\u00e9sent dans 4 fili\u00e8res cacao: P\u00e9rou, Equateur, S\u00e3o Tom\u00e9 et R\u00e9publique Dominicaine.\",\"breadcrumb\":{\"@id\":\"https:\\\/\\\/www.kaoka.fr\\\/ja\\\/%e3%83%94%e3%83%bc%e3%82%aa%e3%83%bc%e3%82%a8%e3%82%b9\\\/#breadcrumb\"},\"inLanguage\":\"ja\",\"potentialAction\":[{\"@type\":\"ReadAction\",\"target\":[\"https:\\\/\\\/www.kaoka.fr\\\/ja\\\/%e3%83%94%e3%83%bc%e3%82%aa%e3%83%bc%e3%82%a8%e3%82%b9\\\/\"]}]},{\"@type\":\"BreadcrumbList\",\"@id\":\"https:\\\/\\\/www.kaoka.fr\\\/ja\\\/%e3%83%94%e3%83%bc%e3%82%aa%e3%83%bc%e3%82%a8%e3%82%b9\\\/#breadcrumb\",\"itemListElement\":[{\"@type\":\"ListItem\",\"position\":1,\"name\":\"\u30db\u30fc\u30e0\",\"item\":\"https:\\\/\\\/www.kaoka.fr\\\/ja\\\/\"},{\"@type\":\"ListItem\",\"position\":2,\"name\":\"\u30d4\u30fc\u30aa\u30fc\u30a8\u30b9\"}]},{\"@type\":\"WebSite\",\"@id\":\"https:\\\/\\\/www.kaoka.fr\\\/ja\\\/#website\",\"url\":\"https:\\\/\\\/www.kaoka.fr\\\/ja\\\/\",\"name\":\"KAOKA\",\"description\":\"\u30aa\u30fc\u30ac\u30cb\u30c3\u30af\u30fb\u30d5\u30a7\u30a2\u30c8\u30ec\u30fc\u30c9\u30c1\u30e7\u30b3\u30ec\u30fc\u30c8\u306e\u30d1\u30a4\u30aa\u30cb\u30a2\",\"potentialAction\":[{\"@type\":\"SearchAction\",\"target\":{\"@type\":\"EntryPoint\",\"urlTemplate\":\"https:\\\/\\\/www.kaoka.fr\\\/ja\\\/?s={search_term_string}\"},\"query-input\":{\"@type\":\"PropertyValueSpecification\",\"valueRequired\":true,\"valueName\":\"search_term_string\"}}],\"inLanguage\":\"ja\"}]}<\/script>\n<!-- \/ Yoast SEO plugin. -->","yoast_head_json":{"title":"Kaoka | Points de vente : O\u00f9 Acheter nos Chocolats ?","description":"Engag\u00e9e dans une d\u00e9marche bio \u00e9quitable depuis 1993, KAOKA est pr\u00e9sent dans 4 fili\u00e8res cacao: P\u00e9rou, Equateur, S\u00e3o Tom\u00e9 et R\u00e9publique Dominicaine.","robots":{"index":"index","follow":"follow","max-snippet":"max-snippet:-1","max-image-preview":"max-image-preview:large","max-video-preview":"max-video-preview:-1"},"canonical":"https:\/\/www.kaoka.fr\/ja\/%e3%83%94%e3%83%bc%e3%82%aa%e3%83%bc%e3%82%a8%e3%82%b9\/","og_locale":"ja_JP","og_type":"article","og_title":"Kaoka | Points de vente : O\u00f9 Acheter nos Chocolats ?","og_description":"Engag\u00e9e dans une d\u00e9marche bio \u00e9quitable depuis 1993, KAOKA est pr\u00e9sent dans 4 fili\u00e8res cacao: P\u00e9rou, Equateur, S\u00e3o Tom\u00e9 et R\u00e9publique Dominicaine.","og_url":"https:\/\/www.kaoka.fr\/ja\/%e3%83%94%e3%83%bc%e3%82%aa%e3%83%bc%e3%82%a8%e3%82%b9\/","og_site_name":"KAOKA","article_modified_time":"2022-08-01T10:55:40+00:00","twitter_card":"summary_large_image","schema":{"@context":"https:\/\/schema.org","@graph":[{"@type":"WebPage","@id":"https:\/\/www.kaoka.fr\/ja\/%e3%83%94%e3%83%bc%e3%82%aa%e3%83%bc%e3%82%a8%e3%82%b9\/","url":"https:\/\/www.kaoka.fr\/ja\/%e3%83%94%e3%83%bc%e3%82%aa%e3%83%bc%e3%82%a8%e3%82%b9\/","name":"Kaoka | Points de vente : O\u00f9 Acheter nos Chocolats ?","isPartOf":{"@id":"https:\/\/www.kaoka.fr\/ja\/#website"},"datePublished":"2022-08-01T10:05:27+00:00","dateModified":"2022-08-01T10:55:40+00:00","description":"Engag\u00e9e dans une d\u00e9marche bio \u00e9quitable depuis 1993, KAOKA est pr\u00e9sent dans 4 fili\u00e8res cacao: P\u00e9rou, Equateur, S\u00e3o Tom\u00e9 et R\u00e9publique Dominicaine.","breadcrumb":{"@id":"https:\/\/www.kaoka.fr\/ja\/%e3%83%94%e3%83%bc%e3%82%aa%e3%83%bc%e3%82%a8%e3%82%b9\/#breadcrumb"},"inLanguage":"ja","potentialAction":[{"@type":"ReadAction","target":["https:\/\/www.kaoka.fr\/ja\/%e3%83%94%e3%83%bc%e3%82%aa%e3%83%bc%e3%82%a8%e3%82%b9\/"]}]},{"@type":"BreadcrumbList","@id":"https:\/\/www.kaoka.fr\/ja\/%e3%83%94%e3%83%bc%e3%82%aa%e3%83%bc%e3%82%a8%e3%82%b9\/#breadcrumb","itemListElement":[{"@type":"ListItem","position":1,"name":"\u30db\u30fc\u30e0","item":"https:\/\/www.kaoka.fr\/ja\/"},{"@type":"ListItem","position":2,"name":"\u30d4\u30fc\u30aa\u30fc\u30a8\u30b9"}]},{"@type":"WebSite","@id":"https:\/\/www.kaoka.fr\/ja\/#website","url":"https:\/\/www.kaoka.fr\/ja\/","name":"KAOKA","description":"\u30aa\u30fc\u30ac\u30cb\u30c3\u30af\u30fb\u30d5\u30a7\u30a2\u30c8\u30ec\u30fc\u30c9\u30c1\u30e7\u30b3\u30ec\u30fc\u30c8\u306e\u30d1\u30a4\u30aa\u30cb\u30a2","potentialAction":[{"@type":"SearchAction","target":{"@type":"EntryPoint","urlTemplate":"https:\/\/www.kaoka.fr\/ja\/?s={search_term_string}"},"query-input":{"@type":"PropertyValueSpecification","valueRequired":true,"valueName":"search_term_string"}}],"inLanguage":"ja"}]}},"_links":{"self":[{"href":"https:\/\/www.kaoka.fr\/ja\/wp-json\/wp\/v2\/pages\/9978","targetHints":{"allow":["GET"]}}],"collection":[{"href":"https:\/\/www.kaoka.fr\/ja\/wp-json\/wp\/v2\/pages"}],"about":[{"href":"https:\/\/www.kaoka.fr\/ja\/wp-json\/wp\/v2\/types\/page"}],"author":[{"embeddable":true,"href":"https:\/\/www.kaoka.fr\/ja\/wp-json\/wp\/v2\/users\/1"}],"replies":[{"embeddable":true,"href":"https:\/\/www.kaoka.fr\/ja\/wp-json\/wp\/v2\/comments?post=9978"}],"version-history":[{"count":1,"href":"https:\/\/www.kaoka.fr\/ja\/wp-json\/wp\/v2\/pages\/9978\/revisions"}],"predecessor-version":[{"id":9981,"href":"https:\/\/www.kaoka.fr\/ja\/wp-json\/wp\/v2\/pages\/9978\/revisions\/9981"}],"wp:attachment":[{"href":"https:\/\/www.kaoka.fr\/ja\/wp-json\/wp\/v2\/media?parent=9978"}],"curies":[{"name":"wp","href":"https:\/\/api.w.org\/{rel}","templated":true}]}}