{"id":50433,"date":"2025-12-31T12:30:07","date_gmt":"2025-12-31T12:30:07","guid":{"rendered":"https:\/\/www.kaoka.fr\/boutique\/dark-chocolate-bar-with-caramelised-hazelnut-pieces-organic-fair-trade\/"},"modified":"2026-04-01T10:22:21","modified_gmt":"2026-04-01T10:22:21","slug":"dark-chocolate-bar-with-caramelised-hazelnut-pieces-organic-fair-trade","status":"publish","type":"product","link":"https:\/\/www.kaoka.fr\/en\/shop\/dark-chocolate-bar-with-caramelised-hazelnut-pieces-organic-fair-trade\/","title":{"rendered":"Dark chocolate with caramelized hazelnut pieces"},"content":{"rendered":"<p>Fall for this 66% cocoa dark chocolate bar, pure S\u00e3o Tom\u00e9 origin, with crunchy caramelized hazelnut pieces! A real treat!<\/p>\n<p><strong>The cocoa beans from S\u00e3o Tom\u00e9 &#8211; variety: Amelonado &#8211; are very distinctive: they have the unique quality of producing a very fruity dark chocolate with woody notes that pairs wonderfully with dried fruits.<\/strong><\/p>\n<p>For this recipe, we selected Ak\u00e7akoca variety hazelnuts from our trusted supplier, grown in the hills of Alapli in Northern Turkey. Delicately roasted, they reveal deliciously toasted notes.<\/p>\n<p><strong>In this bar that&#8217;s as delicious as it is responsible, the cocoa, sugar and hazelnuts are fair trade.<\/strong><\/p>\n","protected":false},"excerpt":{"rendered":"<p>Fall for this 66% cocoa dark chocolate bar, pure S\u00e3o Tom\u00e9 origin, with crunchy caramelized hazelnut pieces! A real treat! The cocoa beans from S\u00e3o Tom\u00e9 &#8211; variety: Amelonado &#8211; are very distinctive: they have the unique quality of producing a very fruity dark chocolate with woody notes that pairs wonderfully with dried fruits. For [&hellip;]<\/p>\n","protected":false},"featured_media":51179,"comment_status":"closed","ping_status":"closed","template":"","meta":{"_acf_changed":false},"product_brand":[],"product_cat":[602],"products_line":[{"id":217,"name":"For tasting","slug":"for-tasting"}],"product_chocolate_type":[250,252],"product_origin":[],"product_percentage":[316],"product_weight":["100g"],"product_certification":[294,298,296],"product_variety":[347],"product_harvest":[279,285],"product_features":[267,273,271],"product_forms_uses":[254],"class_list":{"0":"post-50433","1":"product","2":"type-product","3":"status-publish","4":"has-post-thumbnail","6":"product_cat-non-classe","8":"first","9":"instock","10":"taxable","11":"shipping-taxable","12":"purchasable","13":"product-type-simple"},"acf":[],"yoast_head":"<!-- This site is optimized with the Yoast SEO plugin v27.3 - https:\/\/yoast.com\/product\/yoast-seo-wordpress\/ -->\n<title>Dark chocolate with caramelized hazelnut pieces | KAOKA<\/title>\n<meta name=\"robots\" content=\"index, follow, max-snippet:-1, max-image-preview:large, max-video-preview:-1\" \/>\n<link rel=\"canonical\" href=\"https:\/\/www.kaoka.fr\/en\/shop\/dark-chocolate-bar-with-caramelised-hazelnut-pieces-organic-fair-trade\/\" \/>\n<meta property=\"og:locale\" content=\"en_US\" \/>\n<meta property=\"og:type\" content=\"article\" \/>\n<meta property=\"og:title\" content=\"Dark chocolate with caramelized hazelnut pieces | KAOKA\" \/>\n<meta property=\"og:description\" content=\"Fall for this 66% cocoa dark chocolate bar, pure S\u00e3o Tom\u00e9 origin, with crunchy caramelized hazelnut pieces! A real treat! The cocoa beans from S\u00e3o Tom\u00e9 &#8211; variety: Amelonado &#8211; are very distinctive: they have the unique quality of producing a very fruity dark chocolate with woody notes that pairs wonderfully with dried fruits. For [&hellip;]\" \/>\n<meta property=\"og:url\" content=\"https:\/\/www.kaoka.fr\/en\/shop\/dark-chocolate-bar-with-caramelised-hazelnut-pieces-organic-fair-trade\/\" \/>\n<meta property=\"og:site_name\" content=\"KAOKA\" \/>\n<meta property=\"article:modified_time\" content=\"2026-04-01T10:22:21+00:00\" \/>\n<meta property=\"og:image\" content=\"https:\/\/www.kaoka.fr\/wp-content\/uploads\/2025\/12\/Tablette-chocolat-noir-66-eclats-noisettes-caramelises-bio-equitable-kaoka.jpg\" \/>\n\t<meta property=\"og:image:width\" content=\"361\" \/>\n\t<meta property=\"og:image:height\" content=\"638\" \/>\n\t<meta property=\"og:image:type\" content=\"image\/jpeg\" \/>\n<meta name=\"twitter:card\" content=\"summary_large_image\" \/>\n<meta name=\"twitter:label1\" content=\"Est. reading time\" \/>\n\t<meta name=\"twitter:data1\" content=\"1 minute\" \/>\n<script type=\"application\/ld+json\" class=\"yoast-schema-graph\">{\"@context\":\"https:\\\/\\\/schema.org\",\"@graph\":[{\"@type\":\"WebPage\",\"@id\":\"https:\\\/\\\/www.kaoka.fr\\\/en\\\/shop\\\/dark-chocolate-bar-with-caramelised-hazelnut-pieces-organic-fair-trade\\\/\",\"url\":\"https:\\\/\\\/www.kaoka.fr\\\/en\\\/shop\\\/dark-chocolate-bar-with-caramelised-hazelnut-pieces-organic-fair-trade\\\/\",\"name\":\"Dark chocolate with caramelized hazelnut pieces | KAOKA\",\"isPartOf\":{\"@id\":\"https:\\\/\\\/www.kaoka.fr\\\/en\\\/#website\"},\"primaryImageOfPage\":{\"@id\":\"https:\\\/\\\/www.kaoka.fr\\\/en\\\/shop\\\/dark-chocolate-bar-with-caramelised-hazelnut-pieces-organic-fair-trade\\\/#primaryimage\"},\"image\":{\"@id\":\"https:\\\/\\\/www.kaoka.fr\\\/en\\\/shop\\\/dark-chocolate-bar-with-caramelised-hazelnut-pieces-organic-fair-trade\\\/#primaryimage\"},\"thumbnailUrl\":\"https:\\\/\\\/www.kaoka.fr\\\/wp-content\\\/uploads\\\/2025\\\/12\\\/Tablette-chocolat-noir-66-eclats-noisettes-caramelises-bio-equitable-kaoka.jpg\",\"datePublished\":\"2025-12-31T12:30:07+00:00\",\"dateModified\":\"2026-04-01T10:22:21+00:00\",\"breadcrumb\":{\"@id\":\"https:\\\/\\\/www.kaoka.fr\\\/en\\\/shop\\\/dark-chocolate-bar-with-caramelised-hazelnut-pieces-organic-fair-trade\\\/#breadcrumb\"},\"inLanguage\":\"en-US\",\"potentialAction\":[{\"@type\":\"ReadAction\",\"target\":[\"https:\\\/\\\/www.kaoka.fr\\\/en\\\/shop\\\/dark-chocolate-bar-with-caramelised-hazelnut-pieces-organic-fair-trade\\\/\"]}]},{\"@type\":\"ImageObject\",\"inLanguage\":\"en-US\",\"@id\":\"https:\\\/\\\/www.kaoka.fr\\\/en\\\/shop\\\/dark-chocolate-bar-with-caramelised-hazelnut-pieces-organic-fair-trade\\\/#primaryimage\",\"url\":\"https:\\\/\\\/www.kaoka.fr\\\/wp-content\\\/uploads\\\/2025\\\/12\\\/Tablette-chocolat-noir-66-eclats-noisettes-caramelises-bio-equitable-kaoka.jpg\",\"contentUrl\":\"https:\\\/\\\/www.kaoka.fr\\\/wp-content\\\/uploads\\\/2025\\\/12\\\/Tablette-chocolat-noir-66-eclats-noisettes-caramelises-bio-equitable-kaoka.jpg\",\"width\":361,\"height\":638,\"caption\":\"66% cocoa dark chocolate bar with caramelized hazelnut pieces from Kaoka\"},{\"@type\":\"BreadcrumbList\",\"@id\":\"https:\\\/\\\/www.kaoka.fr\\\/en\\\/shop\\\/dark-chocolate-bar-with-caramelised-hazelnut-pieces-organic-fair-trade\\\/#breadcrumb\",\"itemListElement\":[{\"@type\":\"ListItem\",\"position\":1,\"name\":\"Home page\",\"item\":\"https:\\\/\\\/www.kaoka.fr\\\/en\\\/\"},{\"@type\":\"ListItem\",\"position\":2,\"name\":\"Shop\",\"item\":\"https:\\\/\\\/www.kaoka.fr\\\/en\\\/shop\\\/\"},{\"@type\":\"ListItem\",\"position\":3,\"name\":\"Dark chocolate with caramelized hazelnut pieces\"}]},{\"@type\":\"WebSite\",\"@id\":\"https:\\\/\\\/www.kaoka.fr\\\/en\\\/#website\",\"url\":\"https:\\\/\\\/www.kaoka.fr\\\/en\\\/\",\"name\":\"KAOKA\",\"description\":\"Chocolats Bio &amp; \u00c9thiques par Nature\",\"potentialAction\":[{\"@type\":\"SearchAction\",\"target\":{\"@type\":\"EntryPoint\",\"urlTemplate\":\"https:\\\/\\\/www.kaoka.fr\\\/en\\\/?s={search_term_string}\"},\"query-input\":{\"@type\":\"PropertyValueSpecification\",\"valueRequired\":true,\"valueName\":\"search_term_string\"}}],\"inLanguage\":\"en-US\"}]}<\/script>\n<!-- \/ Yoast SEO plugin. -->","yoast_head_json":{"title":"Dark chocolate with caramelized hazelnut pieces | KAOKA","robots":{"index":"index","follow":"follow","max-snippet":"max-snippet:-1","max-image-preview":"max-image-preview:large","max-video-preview":"max-video-preview:-1"},"canonical":"https:\/\/www.kaoka.fr\/en\/shop\/dark-chocolate-bar-with-caramelised-hazelnut-pieces-organic-fair-trade\/","og_locale":"en_US","og_type":"article","og_title":"Dark chocolate with caramelized hazelnut pieces | KAOKA","og_description":"Fall for this 66% cocoa dark chocolate bar, pure S\u00e3o Tom\u00e9 origin, with crunchy caramelized hazelnut pieces! A real treat! The cocoa beans from S\u00e3o Tom\u00e9 &#8211; variety: Amelonado &#8211; are very distinctive: they have the unique quality of producing a very fruity dark chocolate with woody notes that pairs wonderfully with dried fruits. For [&hellip;]","og_url":"https:\/\/www.kaoka.fr\/en\/shop\/dark-chocolate-bar-with-caramelised-hazelnut-pieces-organic-fair-trade\/","og_site_name":"KAOKA","article_modified_time":"2026-04-01T10:22:21+00:00","og_image":[{"width":361,"height":638,"url":"https:\/\/www.kaoka.fr\/wp-content\/uploads\/2025\/12\/Tablette-chocolat-noir-66-eclats-noisettes-caramelises-bio-equitable-kaoka.jpg","type":"image\/jpeg"}],"twitter_card":"summary_large_image","twitter_misc":{"Est. reading time":"1 minute"},"schema":{"@context":"https:\/\/schema.org","@graph":[{"@type":"WebPage","@id":"https:\/\/www.kaoka.fr\/en\/shop\/dark-chocolate-bar-with-caramelised-hazelnut-pieces-organic-fair-trade\/","url":"https:\/\/www.kaoka.fr\/en\/shop\/dark-chocolate-bar-with-caramelised-hazelnut-pieces-organic-fair-trade\/","name":"Dark chocolate with caramelized hazelnut pieces | KAOKA","isPartOf":{"@id":"https:\/\/www.kaoka.fr\/en\/#website"},"primaryImageOfPage":{"@id":"https:\/\/www.kaoka.fr\/en\/shop\/dark-chocolate-bar-with-caramelised-hazelnut-pieces-organic-fair-trade\/#primaryimage"},"image":{"@id":"https:\/\/www.kaoka.fr\/en\/shop\/dark-chocolate-bar-with-caramelised-hazelnut-pieces-organic-fair-trade\/#primaryimage"},"thumbnailUrl":"https:\/\/www.kaoka.fr\/wp-content\/uploads\/2025\/12\/Tablette-chocolat-noir-66-eclats-noisettes-caramelises-bio-equitable-kaoka.jpg","datePublished":"2025-12-31T12:30:07+00:00","dateModified":"2026-04-01T10:22:21+00:00","breadcrumb":{"@id":"https:\/\/www.kaoka.fr\/en\/shop\/dark-chocolate-bar-with-caramelised-hazelnut-pieces-organic-fair-trade\/#breadcrumb"},"inLanguage":"en-US","potentialAction":[{"@type":"ReadAction","target":["https:\/\/www.kaoka.fr\/en\/shop\/dark-chocolate-bar-with-caramelised-hazelnut-pieces-organic-fair-trade\/"]}]},{"@type":"ImageObject","inLanguage":"en-US","@id":"https:\/\/www.kaoka.fr\/en\/shop\/dark-chocolate-bar-with-caramelised-hazelnut-pieces-organic-fair-trade\/#primaryimage","url":"https:\/\/www.kaoka.fr\/wp-content\/uploads\/2025\/12\/Tablette-chocolat-noir-66-eclats-noisettes-caramelises-bio-equitable-kaoka.jpg","contentUrl":"https:\/\/www.kaoka.fr\/wp-content\/uploads\/2025\/12\/Tablette-chocolat-noir-66-eclats-noisettes-caramelises-bio-equitable-kaoka.jpg","width":361,"height":638,"caption":"66% cocoa dark chocolate bar with caramelized hazelnut pieces from Kaoka"},{"@type":"BreadcrumbList","@id":"https:\/\/www.kaoka.fr\/en\/shop\/dark-chocolate-bar-with-caramelised-hazelnut-pieces-organic-fair-trade\/#breadcrumb","itemListElement":[{"@type":"ListItem","position":1,"name":"Home page","item":"https:\/\/www.kaoka.fr\/en\/"},{"@type":"ListItem","position":2,"name":"Shop","item":"https:\/\/www.kaoka.fr\/en\/shop\/"},{"@type":"ListItem","position":3,"name":"Dark chocolate with caramelized hazelnut pieces"}]},{"@type":"WebSite","@id":"https:\/\/www.kaoka.fr\/en\/#website","url":"https:\/\/www.kaoka.fr\/en\/","name":"KAOKA","description":"Chocolats Bio &amp; \u00c9thiques par Nature","potentialAction":[{"@type":"SearchAction","target":{"@type":"EntryPoint","urlTemplate":"https:\/\/www.kaoka.fr\/en\/?s={search_term_string}"},"query-input":{"@type":"PropertyValueSpecification","valueRequired":true,"valueName":"search_term_string"}}],"inLanguage":"en-US"}]}},"product_new":false,"_links":{"self":[{"href":"https:\/\/www.kaoka.fr\/en\/wp-json\/wp\/v2\/product\/50433","targetHints":{"allow":["GET"]}}],"collection":[{"href":"https:\/\/www.kaoka.fr\/en\/wp-json\/wp\/v2\/product"}],"about":[{"href":"https:\/\/www.kaoka.fr\/en\/wp-json\/wp\/v2\/types\/product"}],"replies":[{"embeddable":true,"href":"https:\/\/www.kaoka.fr\/en\/wp-json\/wp\/v2\/comments?post=50433"}],"wp:featuredmedia":[{"embeddable":true,"href":"https:\/\/www.kaoka.fr\/en\/wp-json\/wp\/v2\/media\/51179"}],"wp:attachment":[{"href":"https:\/\/www.kaoka.fr\/en\/wp-json\/wp\/v2\/media?parent=50433"}],"wp:term":[{"taxonomy":"product_brand","embeddable":true,"href":"https:\/\/www.kaoka.fr\/en\/wp-json\/wp\/v2\/product_brand?post=50433"},{"taxonomy":"product_cat","embeddable":true,"href":"https:\/\/www.kaoka.fr\/en\/wp-json\/wp\/v2\/product_cat?post=50433"},{"taxonomy":"products_line","embeddable":true,"href":"https:\/\/www.kaoka.fr\/en\/wp-json\/wp\/v2\/products_line?post=50433"},{"taxonomy":"product_chocolate_type","embeddable":true,"href":"https:\/\/www.kaoka.fr\/en\/wp-json\/wp\/v2\/product_chocolate_type?post=50433"},{"taxonomy":"product_origin","embeddable":true,"href":"https:\/\/www.kaoka.fr\/en\/wp-json\/wp\/v2\/product_origin?post=50433"},{"taxonomy":"product_percentage","embeddable":true,"href":"https:\/\/www.kaoka.fr\/en\/wp-json\/wp\/v2\/product_percentage?post=50433"},{"taxonomy":"product_weight","embeddable":true,"href":"https:\/\/www.kaoka.fr\/en\/wp-json\/wp\/v2\/product_weight?post=50433"},{"taxonomy":"product_certification","embeddable":true,"href":"https:\/\/www.kaoka.fr\/en\/wp-json\/wp\/v2\/product_certification?post=50433"},{"taxonomy":"product_variety","embeddable":true,"href":"https:\/\/www.kaoka.fr\/en\/wp-json\/wp\/v2\/product_variety?post=50433"},{"taxonomy":"product_harvest","embeddable":true,"href":"https:\/\/www.kaoka.fr\/en\/wp-json\/wp\/v2\/product_harvest?post=50433"},{"taxonomy":"product_features","embeddable":true,"href":"https:\/\/www.kaoka.fr\/en\/wp-json\/wp\/v2\/product_features?post=50433"},{"taxonomy":"product_forms_uses","embeddable":true,"href":"https:\/\/www.kaoka.fr\/en\/wp-json\/wp\/v2\/product_forms_uses?post=50433"}],"curies":[{"name":"wp","href":"https:\/\/api.w.org\/{rel}","templated":true}]}}