{"id":50414,"date":"2025-12-31T10:25:05","date_gmt":"2025-12-31T10:25:05","guid":{"rendered":"https:\/\/www.kaoka.fr\/boutique\/full-box-of-dark-chocolate-bars-75-sao-tome-organic-fair-trade\/"},"modified":"2026-04-01T10:36:01","modified_gmt":"2026-04-01T10:36:01","slug":"full-box-of-dark-chocolate-bars-75-sao-tome-organic-fair-trade","status":"publish","type":"product","link":"https:\/\/www.kaoka.fr\/en\/shop\/full-box-of-dark-chocolate-bars-75-sao-tome-organic-fair-trade\/","title":{"rendered":"75% Dark Chocolate Single Origin S\u00e3o Tom\u00e9"},"content":{"rendered":"<p>Dive into the intensity of S\u00e3o Tom\u00e9 cocoa with this box of 17 75% dark chocolate bars.<\/p>\n<p>From a preserved and wild island, this Amelonado cocoa reveals a unique aromatic palette: <strong>notes of fresh and dried fruits, enhanced by a woody and cocoa depth.<\/strong><\/p>\n<p>A chocolate with character, surprisingly accessible, that appeals to dark chocolate lovers and those accustomed to milk chocolate alike.<\/p>\n<p>Each Kaoka\u00ae bar reflects the uniqueness of its origin. This chocolate is crafted from beans from our organic and fair trade cocoa program in S\u00e3o Tom\u00e9, BIOPARTENAIRE\u00ae certified.<\/p>\n<p><strong>Since 2001, Kaoka has supported the island&#8217;s growers in the rebirth of sustainable cocoa farming, supporting the renovation of old plantations.<\/strong> For over 20 years, this support has helped preserve S\u00e3o Tom\u00e9&#8217;s biodiversity-rich agroforestry systems.<\/p>\n<p>The ingredients are 100% fair trade (cocoa and sugar), for a committed and delicious chocolate. By choosing this box of 17 bars, you benefit from an advantageous discount while enjoying an authentic chocolate, ideal for daily tastings or for sharing your passion for exceptional cocoa.<\/p>\n","protected":false},"excerpt":{"rendered":"<p>Dive into the intensity of S\u00e3o Tom\u00e9 cocoa with this box of 17 75% dark chocolate bars. From a preserved and wild island, this Amelonado cocoa reveals a unique aromatic palette: notes of fresh and dried fruits, enhanced by a woody and cocoa depth. A chocolate with character, surprisingly accessible, that appeals to dark chocolate [&hellip;]<\/p>\n","protected":false},"featured_media":51263,"comment_status":"closed","ping_status":"closed","template":"","meta":{"_acf_changed":false},"product_brand":[],"product_cat":[602],"products_line":[{"id":217,"name":"For tasting","slug":"for-tasting"},{"id":608,"name":"Bulk and large packaging","slug":"bulk-and-wholesale"}],"product_chocolate_type":[250],"product_origin":[],"product_percentage":[312],"product_weight":["17 x 100g"],"product_certification":[294,298,296],"product_variety":[347],"product_harvest":[279,285],"product_features":[346,267,273,271],"product_forms_uses":[254],"class_list":{"0":"post-50414","1":"product","2":"type-product","3":"status-publish","4":"has-post-thumbnail","6":"product_cat-non-classe","8":"first","9":"instock","10":"sale","11":"taxable","12":"shipping-taxable","13":"purchasable","14":"product-type-simple"},"acf":[],"yoast_head":"<!-- This site is optimized with the Yoast SEO plugin v27.3 - https:\/\/yoast.com\/product\/yoast-seo-wordpress\/ -->\n<title>75% Dark Chocolate Single Origin S\u00e3o Tom\u00e9 | KAOKA<\/title>\n<meta name=\"robots\" content=\"index, follow, max-snippet:-1, max-image-preview:large, max-video-preview:-1\" \/>\n<link rel=\"canonical\" href=\"https:\/\/www.kaoka.fr\/en\/shop\/full-box-of-dark-chocolate-bars-75-sao-tome-organic-fair-trade\/\" \/>\n<meta property=\"og:locale\" content=\"en_US\" \/>\n<meta property=\"og:type\" content=\"article\" \/>\n<meta property=\"og:title\" content=\"75% Dark Chocolate Single Origin S\u00e3o Tom\u00e9 | KAOKA\" \/>\n<meta property=\"og:description\" content=\"Dive into the intensity of S\u00e3o Tom\u00e9 cocoa with this box of 17 75% dark chocolate bars. From a preserved and wild island, this Amelonado cocoa reveals a unique aromatic palette: notes of fresh and dried fruits, enhanced by a woody and cocoa depth. A chocolate with character, surprisingly accessible, that appeals to dark chocolate [&hellip;]\" \/>\n<meta property=\"og:url\" content=\"https:\/\/www.kaoka.fr\/en\/shop\/full-box-of-dark-chocolate-bars-75-sao-tome-organic-fair-trade\/\" \/>\n<meta property=\"og:site_name\" content=\"KAOKA\" \/>\n<meta property=\"article:modified_time\" content=\"2026-04-01T10:36:01+00:00\" \/>\n<meta property=\"og:image\" content=\"https:\/\/www.kaoka.fr\/wp-content\/uploads\/2025\/12\/Carton-complet-tablettes-chocolat-noir-75-saotome-bio-equitable-kaoka.jpg\" \/>\n\t<meta property=\"og:image:width\" content=\"550\" \/>\n\t<meta property=\"og:image:height\" content=\"638\" \/>\n\t<meta property=\"og:image:type\" content=\"image\/jpeg\" \/>\n<meta name=\"twitter:card\" content=\"summary_large_image\" \/>\n<meta name=\"twitter:label1\" content=\"Est. reading time\" \/>\n\t<meta name=\"twitter:data1\" content=\"1 minute\" \/>\n<script type=\"application\/ld+json\" class=\"yoast-schema-graph\">{\"@context\":\"https:\\\/\\\/schema.org\",\"@graph\":[{\"@type\":\"WebPage\",\"@id\":\"https:\\\/\\\/www.kaoka.fr\\\/en\\\/shop\\\/full-box-of-dark-chocolate-bars-75-sao-tome-organic-fair-trade\\\/\",\"url\":\"https:\\\/\\\/www.kaoka.fr\\\/en\\\/shop\\\/full-box-of-dark-chocolate-bars-75-sao-tome-organic-fair-trade\\\/\",\"name\":\"75% Dark Chocolate Single Origin S\u00e3o Tom\u00e9 | KAOKA\",\"isPartOf\":{\"@id\":\"https:\\\/\\\/www.kaoka.fr\\\/en\\\/#website\"},\"primaryImageOfPage\":{\"@id\":\"https:\\\/\\\/www.kaoka.fr\\\/en\\\/shop\\\/full-box-of-dark-chocolate-bars-75-sao-tome-organic-fair-trade\\\/#primaryimage\"},\"image\":{\"@id\":\"https:\\\/\\\/www.kaoka.fr\\\/en\\\/shop\\\/full-box-of-dark-chocolate-bars-75-sao-tome-organic-fair-trade\\\/#primaryimage\"},\"thumbnailUrl\":\"https:\\\/\\\/www.kaoka.fr\\\/wp-content\\\/uploads\\\/2025\\\/12\\\/Carton-complet-tablettes-chocolat-noir-75-saotome-bio-equitable-kaoka.jpg\",\"datePublished\":\"2025-12-31T10:25:05+00:00\",\"dateModified\":\"2026-04-01T10:36:01+00:00\",\"breadcrumb\":{\"@id\":\"https:\\\/\\\/www.kaoka.fr\\\/en\\\/shop\\\/full-box-of-dark-chocolate-bars-75-sao-tome-organic-fair-trade\\\/#breadcrumb\"},\"inLanguage\":\"en-US\",\"potentialAction\":[{\"@type\":\"ReadAction\",\"target\":[\"https:\\\/\\\/www.kaoka.fr\\\/en\\\/shop\\\/full-box-of-dark-chocolate-bars-75-sao-tome-organic-fair-trade\\\/\"]}]},{\"@type\":\"ImageObject\",\"inLanguage\":\"en-US\",\"@id\":\"https:\\\/\\\/www.kaoka.fr\\\/en\\\/shop\\\/full-box-of-dark-chocolate-bars-75-sao-tome-organic-fair-trade\\\/#primaryimage\",\"url\":\"https:\\\/\\\/www.kaoka.fr\\\/wp-content\\\/uploads\\\/2025\\\/12\\\/Carton-complet-tablettes-chocolat-noir-75-saotome-bio-equitable-kaoka.jpg\",\"contentUrl\":\"https:\\\/\\\/www.kaoka.fr\\\/wp-content\\\/uploads\\\/2025\\\/12\\\/Carton-complet-tablettes-chocolat-noir-75-saotome-bio-equitable-kaoka.jpg\",\"width\":550,\"height\":638,\"caption\":\"Full box of 17 75% dark chocolate bars, S\u00e3o Tom\u00e9 origin, organic fair trade from the Kaoka brand\"},{\"@type\":\"BreadcrumbList\",\"@id\":\"https:\\\/\\\/www.kaoka.fr\\\/en\\\/shop\\\/full-box-of-dark-chocolate-bars-75-sao-tome-organic-fair-trade\\\/#breadcrumb\",\"itemListElement\":[{\"@type\":\"ListItem\",\"position\":1,\"name\":\"Home page\",\"item\":\"https:\\\/\\\/www.kaoka.fr\\\/en\\\/\"},{\"@type\":\"ListItem\",\"position\":2,\"name\":\"Shop\",\"item\":\"https:\\\/\\\/www.kaoka.fr\\\/en\\\/shop\\\/\"},{\"@type\":\"ListItem\",\"position\":3,\"name\":\"75% Dark Chocolate Single Origin S\u00e3o Tom\u00e9\"}]},{\"@type\":\"WebSite\",\"@id\":\"https:\\\/\\\/www.kaoka.fr\\\/en\\\/#website\",\"url\":\"https:\\\/\\\/www.kaoka.fr\\\/en\\\/\",\"name\":\"KAOKA\",\"description\":\"Chocolats Bio &amp; \u00c9thiques par Nature\",\"potentialAction\":[{\"@type\":\"SearchAction\",\"target\":{\"@type\":\"EntryPoint\",\"urlTemplate\":\"https:\\\/\\\/www.kaoka.fr\\\/en\\\/?s={search_term_string}\"},\"query-input\":{\"@type\":\"PropertyValueSpecification\",\"valueRequired\":true,\"valueName\":\"search_term_string\"}}],\"inLanguage\":\"en-US\"}]}<\/script>\n<!-- \/ Yoast SEO plugin. -->","yoast_head_json":{"title":"75% Dark Chocolate Single Origin S\u00e3o Tom\u00e9 | KAOKA","robots":{"index":"index","follow":"follow","max-snippet":"max-snippet:-1","max-image-preview":"max-image-preview:large","max-video-preview":"max-video-preview:-1"},"canonical":"https:\/\/www.kaoka.fr\/en\/shop\/full-box-of-dark-chocolate-bars-75-sao-tome-organic-fair-trade\/","og_locale":"en_US","og_type":"article","og_title":"75% Dark Chocolate Single Origin S\u00e3o Tom\u00e9 | KAOKA","og_description":"Dive into the intensity of S\u00e3o Tom\u00e9 cocoa with this box of 17 75% dark chocolate bars. From a preserved and wild island, this Amelonado cocoa reveals a unique aromatic palette: notes of fresh and dried fruits, enhanced by a woody and cocoa depth. A chocolate with character, surprisingly accessible, that appeals to dark chocolate [&hellip;]","og_url":"https:\/\/www.kaoka.fr\/en\/shop\/full-box-of-dark-chocolate-bars-75-sao-tome-organic-fair-trade\/","og_site_name":"KAOKA","article_modified_time":"2026-04-01T10:36:01+00:00","og_image":[{"width":550,"height":638,"url":"https:\/\/www.kaoka.fr\/wp-content\/uploads\/2025\/12\/Carton-complet-tablettes-chocolat-noir-75-saotome-bio-equitable-kaoka.jpg","type":"image\/jpeg"}],"twitter_card":"summary_large_image","twitter_misc":{"Est. reading time":"1 minute"},"schema":{"@context":"https:\/\/schema.org","@graph":[{"@type":"WebPage","@id":"https:\/\/www.kaoka.fr\/en\/shop\/full-box-of-dark-chocolate-bars-75-sao-tome-organic-fair-trade\/","url":"https:\/\/www.kaoka.fr\/en\/shop\/full-box-of-dark-chocolate-bars-75-sao-tome-organic-fair-trade\/","name":"75% Dark Chocolate Single Origin S\u00e3o Tom\u00e9 | KAOKA","isPartOf":{"@id":"https:\/\/www.kaoka.fr\/en\/#website"},"primaryImageOfPage":{"@id":"https:\/\/www.kaoka.fr\/en\/shop\/full-box-of-dark-chocolate-bars-75-sao-tome-organic-fair-trade\/#primaryimage"},"image":{"@id":"https:\/\/www.kaoka.fr\/en\/shop\/full-box-of-dark-chocolate-bars-75-sao-tome-organic-fair-trade\/#primaryimage"},"thumbnailUrl":"https:\/\/www.kaoka.fr\/wp-content\/uploads\/2025\/12\/Carton-complet-tablettes-chocolat-noir-75-saotome-bio-equitable-kaoka.jpg","datePublished":"2025-12-31T10:25:05+00:00","dateModified":"2026-04-01T10:36:01+00:00","breadcrumb":{"@id":"https:\/\/www.kaoka.fr\/en\/shop\/full-box-of-dark-chocolate-bars-75-sao-tome-organic-fair-trade\/#breadcrumb"},"inLanguage":"en-US","potentialAction":[{"@type":"ReadAction","target":["https:\/\/www.kaoka.fr\/en\/shop\/full-box-of-dark-chocolate-bars-75-sao-tome-organic-fair-trade\/"]}]},{"@type":"ImageObject","inLanguage":"en-US","@id":"https:\/\/www.kaoka.fr\/en\/shop\/full-box-of-dark-chocolate-bars-75-sao-tome-organic-fair-trade\/#primaryimage","url":"https:\/\/www.kaoka.fr\/wp-content\/uploads\/2025\/12\/Carton-complet-tablettes-chocolat-noir-75-saotome-bio-equitable-kaoka.jpg","contentUrl":"https:\/\/www.kaoka.fr\/wp-content\/uploads\/2025\/12\/Carton-complet-tablettes-chocolat-noir-75-saotome-bio-equitable-kaoka.jpg","width":550,"height":638,"caption":"Full box of 17 75% dark chocolate bars, S\u00e3o Tom\u00e9 origin, organic fair trade from the Kaoka brand"},{"@type":"BreadcrumbList","@id":"https:\/\/www.kaoka.fr\/en\/shop\/full-box-of-dark-chocolate-bars-75-sao-tome-organic-fair-trade\/#breadcrumb","itemListElement":[{"@type":"ListItem","position":1,"name":"Home page","item":"https:\/\/www.kaoka.fr\/en\/"},{"@type":"ListItem","position":2,"name":"Shop","item":"https:\/\/www.kaoka.fr\/en\/shop\/"},{"@type":"ListItem","position":3,"name":"75% Dark Chocolate Single Origin S\u00e3o Tom\u00e9"}]},{"@type":"WebSite","@id":"https:\/\/www.kaoka.fr\/en\/#website","url":"https:\/\/www.kaoka.fr\/en\/","name":"KAOKA","description":"Chocolats Bio &amp; \u00c9thiques par Nature","potentialAction":[{"@type":"SearchAction","target":{"@type":"EntryPoint","urlTemplate":"https:\/\/www.kaoka.fr\/en\/?s={search_term_string}"},"query-input":{"@type":"PropertyValueSpecification","valueRequired":true,"valueName":"search_term_string"}}],"inLanguage":"en-US"}]}},"product_new":false,"_links":{"self":[{"href":"https:\/\/www.kaoka.fr\/en\/wp-json\/wp\/v2\/product\/50414","targetHints":{"allow":["GET"]}}],"collection":[{"href":"https:\/\/www.kaoka.fr\/en\/wp-json\/wp\/v2\/product"}],"about":[{"href":"https:\/\/www.kaoka.fr\/en\/wp-json\/wp\/v2\/types\/product"}],"replies":[{"embeddable":true,"href":"https:\/\/www.kaoka.fr\/en\/wp-json\/wp\/v2\/comments?post=50414"}],"wp:featuredmedia":[{"embeddable":true,"href":"https:\/\/www.kaoka.fr\/en\/wp-json\/wp\/v2\/media\/51263"}],"wp:attachment":[{"href":"https:\/\/www.kaoka.fr\/en\/wp-json\/wp\/v2\/media?parent=50414"}],"wp:term":[{"taxonomy":"product_brand","embeddable":true,"href":"https:\/\/www.kaoka.fr\/en\/wp-json\/wp\/v2\/product_brand?post=50414"},{"taxonomy":"product_cat","embeddable":true,"href":"https:\/\/www.kaoka.fr\/en\/wp-json\/wp\/v2\/product_cat?post=50414"},{"taxonomy":"products_line","embeddable":true,"href":"https:\/\/www.kaoka.fr\/en\/wp-json\/wp\/v2\/products_line?post=50414"},{"taxonomy":"product_chocolate_type","embeddable":true,"href":"https:\/\/www.kaoka.fr\/en\/wp-json\/wp\/v2\/product_chocolate_type?post=50414"},{"taxonomy":"product_origin","embeddable":true,"href":"https:\/\/www.kaoka.fr\/en\/wp-json\/wp\/v2\/product_origin?post=50414"},{"taxonomy":"product_percentage","embeddable":true,"href":"https:\/\/www.kaoka.fr\/en\/wp-json\/wp\/v2\/product_percentage?post=50414"},{"taxonomy":"product_weight","embeddable":true,"href":"https:\/\/www.kaoka.fr\/en\/wp-json\/wp\/v2\/product_weight?post=50414"},{"taxonomy":"product_certification","embeddable":true,"href":"https:\/\/www.kaoka.fr\/en\/wp-json\/wp\/v2\/product_certification?post=50414"},{"taxonomy":"product_variety","embeddable":true,"href":"https:\/\/www.kaoka.fr\/en\/wp-json\/wp\/v2\/product_variety?post=50414"},{"taxonomy":"product_harvest","embeddable":true,"href":"https:\/\/www.kaoka.fr\/en\/wp-json\/wp\/v2\/product_harvest?post=50414"},{"taxonomy":"product_features","embeddable":true,"href":"https:\/\/www.kaoka.fr\/en\/wp-json\/wp\/v2\/product_features?post=50414"},{"taxonomy":"product_forms_uses","embeddable":true,"href":"https:\/\/www.kaoka.fr\/en\/wp-json\/wp\/v2\/product_forms_uses?post=50414"}],"curies":[{"name":"wp","href":"https:\/\/api.w.org\/{rel}","templated":true}]}}