{"id":50383,"date":"2025-12-31T13:00:07","date_gmt":"2025-12-31T13:00:07","guid":{"rendered":"https:\/\/www.kaoka.fr\/boutique\/dark-chocolate-bar-75-cocoa-sao-tome-organic-fair-trade\/"},"modified":"2026-04-01T10:10:19","modified_gmt":"2026-04-01T10:10:19","slug":"dark-chocolate-bar-75-cocoa-sao-tome-organic-fair-trade","status":"publish","type":"product","link":"https:\/\/www.kaoka.fr\/en\/shop\/dark-chocolate-bar-75-cocoa-sao-tome-organic-fair-trade\/","title":{"rendered":"75% Dark Chocolate Single Origin S\u00e3o Tom\u00e9"},"content":{"rendered":"<p>Cocoa from S\u00e3o Tom\u00e9, a wild island preserved from the rest of the world, offers a chocolate with fresh and dried fruit aromas enhanced by deep woody and cocoa notes. <strong>This unique character, specific to the island&#8217;s cocoa, will delight all chocolate lovers (even those who usually prefer milk chocolate!).<\/strong><\/p>\n<p>All Kaoka\u00ae dark chocolates have a unique character linked to their origin. This chocolate is made from Amelonado cocoa beans from our organic and fair trade S\u00e3o Tom\u00e9 cocoa program, certified BIOPARTENAIRE\u00ae.<\/p>\n<p><strong>Since arriving in S\u00e3o Tom\u00e9 in 2001, Kaoka has supported growers to help them relaunch cocoa production that had been abandoned for years.<\/strong> They were able to renovate their old plantations and finally make a decent living from growing cocoa. The S\u00e3o Tom\u00e9 plantations thrive in the heart of the island\u2019s forests. These are natural agroforestry systems, rich in biodiversity. For over 20 years, Kaoka and its partner growers have been working to protect them.<\/p>\n<p>In this bar, the cocoa and sugar\u2014100% of the ingredients\u2014are fair trade.<\/p>\n","protected":false},"excerpt":{"rendered":"<p>Cocoa from S\u00e3o Tom\u00e9, a wild island preserved from the rest of the world, offers a chocolate with fresh and dried fruit aromas enhanced by deep woody and cocoa notes. This unique character, specific to the island&#8217;s cocoa, will delight all chocolate lovers (even those who usually prefer milk chocolate!). All Kaoka\u00ae dark chocolates have [&hellip;]<\/p>\n","protected":false},"featured_media":51162,"comment_status":"closed","ping_status":"closed","template":"","meta":{"_acf_changed":false},"product_brand":[],"product_cat":[602],"products_line":[{"id":217,"name":"For tasting","slug":"for-tasting"}],"product_chocolate_type":[250],"product_origin":[],"product_percentage":[312],"product_weight":["100g"],"product_certification":[294,298,296],"product_variety":[347],"product_harvest":[279,285],"product_features":[346,267,273,271],"product_forms_uses":[254],"class_list":{"0":"post-50383","1":"product","2":"type-product","3":"status-publish","4":"has-post-thumbnail","6":"product_cat-non-classe","8":"first","9":"instock","10":"taxable","11":"shipping-taxable","12":"purchasable","13":"product-type-simple"},"acf":[],"yoast_head":"<!-- This site is optimized with the Yoast SEO plugin v27.3 - https:\/\/yoast.com\/product\/yoast-seo-wordpress\/ -->\n<title>75% Dark Chocolate Single Origin S\u00e3o Tom\u00e9 | KAOKA<\/title>\n<meta name=\"robots\" content=\"index, follow, max-snippet:-1, max-image-preview:large, max-video-preview:-1\" \/>\n<link rel=\"canonical\" href=\"https:\/\/www.kaoka.fr\/en\/shop\/dark-chocolate-bar-75-cocoa-sao-tome-organic-fair-trade\/\" \/>\n<meta property=\"og:locale\" content=\"en_US\" \/>\n<meta property=\"og:type\" content=\"article\" \/>\n<meta property=\"og:title\" content=\"75% Dark Chocolate Single Origin S\u00e3o Tom\u00e9 | KAOKA\" \/>\n<meta property=\"og:description\" content=\"Cocoa from S\u00e3o Tom\u00e9, a wild island preserved from the rest of the world, offers a chocolate with fresh and dried fruit aromas enhanced by deep woody and cocoa notes. This unique character, specific to the island&#8217;s cocoa, will delight all chocolate lovers (even those who usually prefer milk chocolate!). All Kaoka\u00ae dark chocolates have [&hellip;]\" \/>\n<meta property=\"og:url\" content=\"https:\/\/www.kaoka.fr\/en\/shop\/dark-chocolate-bar-75-cocoa-sao-tome-organic-fair-trade\/\" \/>\n<meta property=\"og:site_name\" content=\"KAOKA\" \/>\n<meta property=\"article:modified_time\" content=\"2026-04-01T10:10:19+00:00\" \/>\n<meta property=\"og:image\" content=\"https:\/\/www.kaoka.fr\/wp-content\/uploads\/2025\/12\/Tablette-chocolat-noir-75-cacao-origine-saotome-bio-equitable-kaoka-2.jpg\" \/>\n\t<meta property=\"og:image:width\" content=\"361\" \/>\n\t<meta property=\"og:image:height\" content=\"638\" \/>\n\t<meta property=\"og:image:type\" content=\"image\/jpeg\" \/>\n<meta name=\"twitter:card\" content=\"summary_large_image\" \/>\n<meta name=\"twitter:label1\" content=\"Est. reading time\" \/>\n\t<meta name=\"twitter:data1\" content=\"1 minute\" \/>\n<script type=\"application\/ld+json\" class=\"yoast-schema-graph\">{\"@context\":\"https:\\\/\\\/schema.org\",\"@graph\":[{\"@type\":\"WebPage\",\"@id\":\"https:\\\/\\\/www.kaoka.fr\\\/en\\\/shop\\\/dark-chocolate-bar-75-cocoa-sao-tome-organic-fair-trade\\\/\",\"url\":\"https:\\\/\\\/www.kaoka.fr\\\/en\\\/shop\\\/dark-chocolate-bar-75-cocoa-sao-tome-organic-fair-trade\\\/\",\"name\":\"75% Dark Chocolate Single Origin S\u00e3o Tom\u00e9 | KAOKA\",\"isPartOf\":{\"@id\":\"https:\\\/\\\/www.kaoka.fr\\\/en\\\/#website\"},\"primaryImageOfPage\":{\"@id\":\"https:\\\/\\\/www.kaoka.fr\\\/en\\\/shop\\\/dark-chocolate-bar-75-cocoa-sao-tome-organic-fair-trade\\\/#primaryimage\"},\"image\":{\"@id\":\"https:\\\/\\\/www.kaoka.fr\\\/en\\\/shop\\\/dark-chocolate-bar-75-cocoa-sao-tome-organic-fair-trade\\\/#primaryimage\"},\"thumbnailUrl\":\"https:\\\/\\\/www.kaoka.fr\\\/wp-content\\\/uploads\\\/2025\\\/12\\\/Tablette-chocolat-noir-75-cacao-origine-saotome-bio-equitable-kaoka-2.jpg\",\"datePublished\":\"2025-12-31T13:00:07+00:00\",\"dateModified\":\"2026-04-01T10:10:19+00:00\",\"breadcrumb\":{\"@id\":\"https:\\\/\\\/www.kaoka.fr\\\/en\\\/shop\\\/dark-chocolate-bar-75-cocoa-sao-tome-organic-fair-trade\\\/#breadcrumb\"},\"inLanguage\":\"en-US\",\"potentialAction\":[{\"@type\":\"ReadAction\",\"target\":[\"https:\\\/\\\/www.kaoka.fr\\\/en\\\/shop\\\/dark-chocolate-bar-75-cocoa-sao-tome-organic-fair-trade\\\/\"]}]},{\"@type\":\"ImageObject\",\"inLanguage\":\"en-US\",\"@id\":\"https:\\\/\\\/www.kaoka.fr\\\/en\\\/shop\\\/dark-chocolate-bar-75-cocoa-sao-tome-organic-fair-trade\\\/#primaryimage\",\"url\":\"https:\\\/\\\/www.kaoka.fr\\\/wp-content\\\/uploads\\\/2025\\\/12\\\/Tablette-chocolat-noir-75-cacao-origine-saotome-bio-equitable-kaoka-2.jpg\",\"contentUrl\":\"https:\\\/\\\/www.kaoka.fr\\\/wp-content\\\/uploads\\\/2025\\\/12\\\/Tablette-chocolat-noir-75-cacao-origine-saotome-bio-equitable-kaoka-2.jpg\",\"width\":361,\"height\":638},{\"@type\":\"BreadcrumbList\",\"@id\":\"https:\\\/\\\/www.kaoka.fr\\\/en\\\/shop\\\/dark-chocolate-bar-75-cocoa-sao-tome-organic-fair-trade\\\/#breadcrumb\",\"itemListElement\":[{\"@type\":\"ListItem\",\"position\":1,\"name\":\"Home page\",\"item\":\"https:\\\/\\\/www.kaoka.fr\\\/en\\\/\"},{\"@type\":\"ListItem\",\"position\":2,\"name\":\"Shop\",\"item\":\"https:\\\/\\\/www.kaoka.fr\\\/en\\\/shop\\\/\"},{\"@type\":\"ListItem\",\"position\":3,\"name\":\"75% Dark Chocolate Single Origin S\u00e3o Tom\u00e9\"}]},{\"@type\":\"WebSite\",\"@id\":\"https:\\\/\\\/www.kaoka.fr\\\/en\\\/#website\",\"url\":\"https:\\\/\\\/www.kaoka.fr\\\/en\\\/\",\"name\":\"KAOKA\",\"description\":\"Chocolats Bio &amp; \u00c9thiques par Nature\",\"potentialAction\":[{\"@type\":\"SearchAction\",\"target\":{\"@type\":\"EntryPoint\",\"urlTemplate\":\"https:\\\/\\\/www.kaoka.fr\\\/en\\\/?s={search_term_string}\"},\"query-input\":{\"@type\":\"PropertyValueSpecification\",\"valueRequired\":true,\"valueName\":\"search_term_string\"}}],\"inLanguage\":\"en-US\"}]}<\/script>\n<!-- \/ Yoast SEO plugin. -->","yoast_head_json":{"title":"75% Dark Chocolate Single Origin S\u00e3o Tom\u00e9 | KAOKA","robots":{"index":"index","follow":"follow","max-snippet":"max-snippet:-1","max-image-preview":"max-image-preview:large","max-video-preview":"max-video-preview:-1"},"canonical":"https:\/\/www.kaoka.fr\/en\/shop\/dark-chocolate-bar-75-cocoa-sao-tome-organic-fair-trade\/","og_locale":"en_US","og_type":"article","og_title":"75% Dark Chocolate Single Origin S\u00e3o Tom\u00e9 | KAOKA","og_description":"Cocoa from S\u00e3o Tom\u00e9, a wild island preserved from the rest of the world, offers a chocolate with fresh and dried fruit aromas enhanced by deep woody and cocoa notes. This unique character, specific to the island&#8217;s cocoa, will delight all chocolate lovers (even those who usually prefer milk chocolate!). All Kaoka\u00ae dark chocolates have [&hellip;]","og_url":"https:\/\/www.kaoka.fr\/en\/shop\/dark-chocolate-bar-75-cocoa-sao-tome-organic-fair-trade\/","og_site_name":"KAOKA","article_modified_time":"2026-04-01T10:10:19+00:00","og_image":[{"width":361,"height":638,"url":"https:\/\/www.kaoka.fr\/wp-content\/uploads\/2025\/12\/Tablette-chocolat-noir-75-cacao-origine-saotome-bio-equitable-kaoka-2.jpg","type":"image\/jpeg"}],"twitter_card":"summary_large_image","twitter_misc":{"Est. reading time":"1 minute"},"schema":{"@context":"https:\/\/schema.org","@graph":[{"@type":"WebPage","@id":"https:\/\/www.kaoka.fr\/en\/shop\/dark-chocolate-bar-75-cocoa-sao-tome-organic-fair-trade\/","url":"https:\/\/www.kaoka.fr\/en\/shop\/dark-chocolate-bar-75-cocoa-sao-tome-organic-fair-trade\/","name":"75% Dark Chocolate Single Origin S\u00e3o Tom\u00e9 | KAOKA","isPartOf":{"@id":"https:\/\/www.kaoka.fr\/en\/#website"},"primaryImageOfPage":{"@id":"https:\/\/www.kaoka.fr\/en\/shop\/dark-chocolate-bar-75-cocoa-sao-tome-organic-fair-trade\/#primaryimage"},"image":{"@id":"https:\/\/www.kaoka.fr\/en\/shop\/dark-chocolate-bar-75-cocoa-sao-tome-organic-fair-trade\/#primaryimage"},"thumbnailUrl":"https:\/\/www.kaoka.fr\/wp-content\/uploads\/2025\/12\/Tablette-chocolat-noir-75-cacao-origine-saotome-bio-equitable-kaoka-2.jpg","datePublished":"2025-12-31T13:00:07+00:00","dateModified":"2026-04-01T10:10:19+00:00","breadcrumb":{"@id":"https:\/\/www.kaoka.fr\/en\/shop\/dark-chocolate-bar-75-cocoa-sao-tome-organic-fair-trade\/#breadcrumb"},"inLanguage":"en-US","potentialAction":[{"@type":"ReadAction","target":["https:\/\/www.kaoka.fr\/en\/shop\/dark-chocolate-bar-75-cocoa-sao-tome-organic-fair-trade\/"]}]},{"@type":"ImageObject","inLanguage":"en-US","@id":"https:\/\/www.kaoka.fr\/en\/shop\/dark-chocolate-bar-75-cocoa-sao-tome-organic-fair-trade\/#primaryimage","url":"https:\/\/www.kaoka.fr\/wp-content\/uploads\/2025\/12\/Tablette-chocolat-noir-75-cacao-origine-saotome-bio-equitable-kaoka-2.jpg","contentUrl":"https:\/\/www.kaoka.fr\/wp-content\/uploads\/2025\/12\/Tablette-chocolat-noir-75-cacao-origine-saotome-bio-equitable-kaoka-2.jpg","width":361,"height":638},{"@type":"BreadcrumbList","@id":"https:\/\/www.kaoka.fr\/en\/shop\/dark-chocolate-bar-75-cocoa-sao-tome-organic-fair-trade\/#breadcrumb","itemListElement":[{"@type":"ListItem","position":1,"name":"Home page","item":"https:\/\/www.kaoka.fr\/en\/"},{"@type":"ListItem","position":2,"name":"Shop","item":"https:\/\/www.kaoka.fr\/en\/shop\/"},{"@type":"ListItem","position":3,"name":"75% Dark Chocolate Single Origin S\u00e3o Tom\u00e9"}]},{"@type":"WebSite","@id":"https:\/\/www.kaoka.fr\/en\/#website","url":"https:\/\/www.kaoka.fr\/en\/","name":"KAOKA","description":"Chocolats Bio &amp; \u00c9thiques par Nature","potentialAction":[{"@type":"SearchAction","target":{"@type":"EntryPoint","urlTemplate":"https:\/\/www.kaoka.fr\/en\/?s={search_term_string}"},"query-input":{"@type":"PropertyValueSpecification","valueRequired":true,"valueName":"search_term_string"}}],"inLanguage":"en-US"}]}},"product_new":false,"_links":{"self":[{"href":"https:\/\/www.kaoka.fr\/en\/wp-json\/wp\/v2\/product\/50383","targetHints":{"allow":["GET"]}}],"collection":[{"href":"https:\/\/www.kaoka.fr\/en\/wp-json\/wp\/v2\/product"}],"about":[{"href":"https:\/\/www.kaoka.fr\/en\/wp-json\/wp\/v2\/types\/product"}],"replies":[{"embeddable":true,"href":"https:\/\/www.kaoka.fr\/en\/wp-json\/wp\/v2\/comments?post=50383"}],"wp:featuredmedia":[{"embeddable":true,"href":"https:\/\/www.kaoka.fr\/en\/wp-json\/wp\/v2\/media\/51162"}],"wp:attachment":[{"href":"https:\/\/www.kaoka.fr\/en\/wp-json\/wp\/v2\/media?parent=50383"}],"wp:term":[{"taxonomy":"product_brand","embeddable":true,"href":"https:\/\/www.kaoka.fr\/en\/wp-json\/wp\/v2\/product_brand?post=50383"},{"taxonomy":"product_cat","embeddable":true,"href":"https:\/\/www.kaoka.fr\/en\/wp-json\/wp\/v2\/product_cat?post=50383"},{"taxonomy":"products_line","embeddable":true,"href":"https:\/\/www.kaoka.fr\/en\/wp-json\/wp\/v2\/products_line?post=50383"},{"taxonomy":"product_chocolate_type","embeddable":true,"href":"https:\/\/www.kaoka.fr\/en\/wp-json\/wp\/v2\/product_chocolate_type?post=50383"},{"taxonomy":"product_origin","embeddable":true,"href":"https:\/\/www.kaoka.fr\/en\/wp-json\/wp\/v2\/product_origin?post=50383"},{"taxonomy":"product_percentage","embeddable":true,"href":"https:\/\/www.kaoka.fr\/en\/wp-json\/wp\/v2\/product_percentage?post=50383"},{"taxonomy":"product_weight","embeddable":true,"href":"https:\/\/www.kaoka.fr\/en\/wp-json\/wp\/v2\/product_weight?post=50383"},{"taxonomy":"product_certification","embeddable":true,"href":"https:\/\/www.kaoka.fr\/en\/wp-json\/wp\/v2\/product_certification?post=50383"},{"taxonomy":"product_variety","embeddable":true,"href":"https:\/\/www.kaoka.fr\/en\/wp-json\/wp\/v2\/product_variety?post=50383"},{"taxonomy":"product_harvest","embeddable":true,"href":"https:\/\/www.kaoka.fr\/en\/wp-json\/wp\/v2\/product_harvest?post=50383"},{"taxonomy":"product_features","embeddable":true,"href":"https:\/\/www.kaoka.fr\/en\/wp-json\/wp\/v2\/product_features?post=50383"},{"taxonomy":"product_forms_uses","embeddable":true,"href":"https:\/\/www.kaoka.fr\/en\/wp-json\/wp\/v2\/product_forms_uses?post=50383"}],"curies":[{"name":"wp","href":"https:\/\/api.w.org\/{rel}","templated":true}]}}