{"id":50367,"date":"2025-12-31T14:30:34","date_gmt":"2025-12-31T14:30:34","guid":{"rendered":"https:\/\/www.kaoka.fr\/boutique\/dark-couverture-chocolate-75-cocoa-sao-tome-organic-fair-trade-250g-bag\/"},"modified":"2026-04-01T09:56:56","modified_gmt":"2026-04-01T09:56:56","slug":"dark-couverture-chocolate-75-cocoa-sao-tome-organic-fair-trade-250g-bag","status":"publish","type":"product","link":"https:\/\/www.kaoka.fr\/en\/shop\/dark-couverture-chocolate-75-cocoa-sao-tome-organic-fair-trade-250g-bag\/","title":{"rendered":"Dark couverture chocolate 75% cocoa S\u00e3o Tom\u00e9"},"content":{"rendered":"<p>The <strong>75% S\u00e3o Tom\u00e9 dark couverture chocolate<\/strong> is a gourmet chocolate whose warm, woody notes pair perfectly with nuts (almonds, hazelnuts, walnuts). Its high cocoa content contrasts with its exceptional smoothness.<\/p>\n<p>Its pod shape allows for quick melting. With beautiful fluidity and easy to temper, this <strong>couverture chocolate<\/strong> is ideal for coating chocolate bonbons.<\/p>\n<p>This <strong>250g<\/strong> bag lets you discover this pure origin S\u00e3o Tom\u00e9 couverture chocolate. For regular use, we recommend choosing more suitable formats like the <strong>1kg<\/strong> bag or the <strong>5kg<\/strong> box.<\/p>\n","protected":false},"excerpt":{"rendered":"<p>The 75% S\u00e3o Tom\u00e9 dark couverture chocolate is a gourmet chocolate whose warm, woody notes pair perfectly with nuts (almonds, hazelnuts, walnuts). Its high cocoa content contrasts with its exceptional smoothness. Its pod shape allows for quick melting. With beautiful fluidity and easy to temper, this couverture chocolate is ideal for coating chocolate bonbons. This [&hellip;]<\/p>\n","protected":false},"featured_media":51085,"comment_status":"closed","ping_status":"closed","template":"","meta":{"_acf_changed":false},"product_brand":[],"product_cat":[602],"products_line":[{"id":219,"name":"For baking","slug":"for-baking"}],"product_chocolate_type":[250],"product_origin":[],"product_percentage":[312],"product_weight":["250g"],"product_certification":[294,298,296],"product_variety":[347],"product_harvest":[279,285],"product_features":[346,267,273,271],"product_forms_uses":[264,258],"class_list":{"0":"post-50367","1":"product","2":"type-product","3":"status-publish","4":"has-post-thumbnail","6":"product_cat-non-classe","8":"first","9":"instock","10":"taxable","11":"shipping-taxable","12":"purchasable","13":"product-type-simple"},"acf":[],"yoast_head":"<!-- This site is optimized with the Yoast SEO plugin v27.3 - https:\/\/yoast.com\/product\/yoast-seo-wordpress\/ -->\n<title>Dark couverture chocolate 75% cocoa S\u00e3o Tom\u00e9 | KAOKA<\/title>\n<meta name=\"robots\" content=\"index, follow, max-snippet:-1, max-image-preview:large, max-video-preview:-1\" \/>\n<link rel=\"canonical\" href=\"https:\/\/www.kaoka.fr\/en\/shop\/dark-couverture-chocolate-75-cocoa-sao-tome-organic-fair-trade-250g-bag\/\" \/>\n<meta property=\"og:locale\" content=\"en_US\" \/>\n<meta property=\"og:type\" content=\"article\" \/>\n<meta property=\"og:title\" content=\"Dark couverture chocolate 75% cocoa S\u00e3o Tom\u00e9 | KAOKA\" \/>\n<meta property=\"og:description\" content=\"The 75% S\u00e3o Tom\u00e9 dark couverture chocolate is a gourmet chocolate whose warm, woody notes pair perfectly with nuts (almonds, hazelnuts, walnuts). Its high cocoa content contrasts with its exceptional smoothness. Its pod shape allows for quick melting. With beautiful fluidity and easy to temper, this couverture chocolate is ideal for coating chocolate bonbons. This [&hellip;]\" \/>\n<meta property=\"og:url\" content=\"https:\/\/www.kaoka.fr\/en\/shop\/dark-couverture-chocolate-75-cocoa-sao-tome-organic-fair-trade-250g-bag\/\" \/>\n<meta property=\"og:site_name\" content=\"KAOKA\" \/>\n<meta property=\"article:modified_time\" content=\"2026-04-01T09:56:56+00:00\" \/>\n<meta property=\"og:image\" content=\"https:\/\/www.kaoka.fr\/wp-content\/uploads\/2025\/12\/Chocolat-couverture-noir-75-cacao-saotome-sachet-250g.jpg\" \/>\n\t<meta property=\"og:image:width\" content=\"550\" \/>\n\t<meta property=\"og:image:height\" content=\"638\" \/>\n\t<meta property=\"og:image:type\" content=\"image\/jpeg\" \/>\n<meta name=\"twitter:card\" content=\"summary_large_image\" \/>\n<script type=\"application\/ld+json\" class=\"yoast-schema-graph\">{\"@context\":\"https:\\\/\\\/schema.org\",\"@graph\":[{\"@type\":\"WebPage\",\"@id\":\"https:\\\/\\\/www.kaoka.fr\\\/en\\\/shop\\\/dark-couverture-chocolate-75-cocoa-sao-tome-organic-fair-trade-250g-bag\\\/\",\"url\":\"https:\\\/\\\/www.kaoka.fr\\\/en\\\/shop\\\/dark-couverture-chocolate-75-cocoa-sao-tome-organic-fair-trade-250g-bag\\\/\",\"name\":\"Dark couverture chocolate 75% cocoa S\u00e3o Tom\u00e9 | KAOKA\",\"isPartOf\":{\"@id\":\"https:\\\/\\\/www.kaoka.fr\\\/en\\\/#website\"},\"primaryImageOfPage\":{\"@id\":\"https:\\\/\\\/www.kaoka.fr\\\/en\\\/shop\\\/dark-couverture-chocolate-75-cocoa-sao-tome-organic-fair-trade-250g-bag\\\/#primaryimage\"},\"image\":{\"@id\":\"https:\\\/\\\/www.kaoka.fr\\\/en\\\/shop\\\/dark-couverture-chocolate-75-cocoa-sao-tome-organic-fair-trade-250g-bag\\\/#primaryimage\"},\"thumbnailUrl\":\"https:\\\/\\\/www.kaoka.fr\\\/wp-content\\\/uploads\\\/2025\\\/12\\\/Chocolat-couverture-noir-75-cacao-saotome-sachet-250g.jpg\",\"datePublished\":\"2025-12-31T14:30:34+00:00\",\"dateModified\":\"2026-04-01T09:56:56+00:00\",\"breadcrumb\":{\"@id\":\"https:\\\/\\\/www.kaoka.fr\\\/en\\\/shop\\\/dark-couverture-chocolate-75-cocoa-sao-tome-organic-fair-trade-250g-bag\\\/#breadcrumb\"},\"inLanguage\":\"en-US\",\"potentialAction\":[{\"@type\":\"ReadAction\",\"target\":[\"https:\\\/\\\/www.kaoka.fr\\\/en\\\/shop\\\/dark-couverture-chocolate-75-cocoa-sao-tome-organic-fair-trade-250g-bag\\\/\"]}]},{\"@type\":\"ImageObject\",\"inLanguage\":\"en-US\",\"@id\":\"https:\\\/\\\/www.kaoka.fr\\\/en\\\/shop\\\/dark-couverture-chocolate-75-cocoa-sao-tome-organic-fair-trade-250g-bag\\\/#primaryimage\",\"url\":\"https:\\\/\\\/www.kaoka.fr\\\/wp-content\\\/uploads\\\/2025\\\/12\\\/Chocolat-couverture-noir-75-cacao-saotome-sachet-250g.jpg\",\"contentUrl\":\"https:\\\/\\\/www.kaoka.fr\\\/wp-content\\\/uploads\\\/2025\\\/12\\\/Chocolat-couverture-noir-75-cacao-saotome-sachet-250g.jpg\",\"width\":550,\"height\":638,\"caption\":\"Bag of 75% cacao S\u00e3o Tom\u00e9 dark couverture chocolate from Kaoka\"},{\"@type\":\"BreadcrumbList\",\"@id\":\"https:\\\/\\\/www.kaoka.fr\\\/en\\\/shop\\\/dark-couverture-chocolate-75-cocoa-sao-tome-organic-fair-trade-250g-bag\\\/#breadcrumb\",\"itemListElement\":[{\"@type\":\"ListItem\",\"position\":1,\"name\":\"Home page\",\"item\":\"https:\\\/\\\/www.kaoka.fr\\\/en\\\/\"},{\"@type\":\"ListItem\",\"position\":2,\"name\":\"Shop\",\"item\":\"https:\\\/\\\/www.kaoka.fr\\\/en\\\/shop\\\/\"},{\"@type\":\"ListItem\",\"position\":3,\"name\":\"Dark couverture chocolate 75% cocoa S\u00e3o Tom\u00e9\"}]},{\"@type\":\"WebSite\",\"@id\":\"https:\\\/\\\/www.kaoka.fr\\\/en\\\/#website\",\"url\":\"https:\\\/\\\/www.kaoka.fr\\\/en\\\/\",\"name\":\"KAOKA\",\"description\":\"Chocolats Bio &amp; \u00c9thiques par Nature\",\"potentialAction\":[{\"@type\":\"SearchAction\",\"target\":{\"@type\":\"EntryPoint\",\"urlTemplate\":\"https:\\\/\\\/www.kaoka.fr\\\/en\\\/?s={search_term_string}\"},\"query-input\":{\"@type\":\"PropertyValueSpecification\",\"valueRequired\":true,\"valueName\":\"search_term_string\"}}],\"inLanguage\":\"en-US\"}]}<\/script>\n<!-- \/ Yoast SEO plugin. -->","yoast_head_json":{"title":"Dark couverture chocolate 75% cocoa S\u00e3o Tom\u00e9 | KAOKA","robots":{"index":"index","follow":"follow","max-snippet":"max-snippet:-1","max-image-preview":"max-image-preview:large","max-video-preview":"max-video-preview:-1"},"canonical":"https:\/\/www.kaoka.fr\/en\/shop\/dark-couverture-chocolate-75-cocoa-sao-tome-organic-fair-trade-250g-bag\/","og_locale":"en_US","og_type":"article","og_title":"Dark couverture chocolate 75% cocoa S\u00e3o Tom\u00e9 | KAOKA","og_description":"The 75% S\u00e3o Tom\u00e9 dark couverture chocolate is a gourmet chocolate whose warm, woody notes pair perfectly with nuts (almonds, hazelnuts, walnuts). Its high cocoa content contrasts with its exceptional smoothness. Its pod shape allows for quick melting. With beautiful fluidity and easy to temper, this couverture chocolate is ideal for coating chocolate bonbons. This [&hellip;]","og_url":"https:\/\/www.kaoka.fr\/en\/shop\/dark-couverture-chocolate-75-cocoa-sao-tome-organic-fair-trade-250g-bag\/","og_site_name":"KAOKA","article_modified_time":"2026-04-01T09:56:56+00:00","og_image":[{"width":550,"height":638,"url":"https:\/\/www.kaoka.fr\/wp-content\/uploads\/2025\/12\/Chocolat-couverture-noir-75-cacao-saotome-sachet-250g.jpg","type":"image\/jpeg"}],"twitter_card":"summary_large_image","schema":{"@context":"https:\/\/schema.org","@graph":[{"@type":"WebPage","@id":"https:\/\/www.kaoka.fr\/en\/shop\/dark-couverture-chocolate-75-cocoa-sao-tome-organic-fair-trade-250g-bag\/","url":"https:\/\/www.kaoka.fr\/en\/shop\/dark-couverture-chocolate-75-cocoa-sao-tome-organic-fair-trade-250g-bag\/","name":"Dark couverture chocolate 75% cocoa S\u00e3o Tom\u00e9 | KAOKA","isPartOf":{"@id":"https:\/\/www.kaoka.fr\/en\/#website"},"primaryImageOfPage":{"@id":"https:\/\/www.kaoka.fr\/en\/shop\/dark-couverture-chocolate-75-cocoa-sao-tome-organic-fair-trade-250g-bag\/#primaryimage"},"image":{"@id":"https:\/\/www.kaoka.fr\/en\/shop\/dark-couverture-chocolate-75-cocoa-sao-tome-organic-fair-trade-250g-bag\/#primaryimage"},"thumbnailUrl":"https:\/\/www.kaoka.fr\/wp-content\/uploads\/2025\/12\/Chocolat-couverture-noir-75-cacao-saotome-sachet-250g.jpg","datePublished":"2025-12-31T14:30:34+00:00","dateModified":"2026-04-01T09:56:56+00:00","breadcrumb":{"@id":"https:\/\/www.kaoka.fr\/en\/shop\/dark-couverture-chocolate-75-cocoa-sao-tome-organic-fair-trade-250g-bag\/#breadcrumb"},"inLanguage":"en-US","potentialAction":[{"@type":"ReadAction","target":["https:\/\/www.kaoka.fr\/en\/shop\/dark-couverture-chocolate-75-cocoa-sao-tome-organic-fair-trade-250g-bag\/"]}]},{"@type":"ImageObject","inLanguage":"en-US","@id":"https:\/\/www.kaoka.fr\/en\/shop\/dark-couverture-chocolate-75-cocoa-sao-tome-organic-fair-trade-250g-bag\/#primaryimage","url":"https:\/\/www.kaoka.fr\/wp-content\/uploads\/2025\/12\/Chocolat-couverture-noir-75-cacao-saotome-sachet-250g.jpg","contentUrl":"https:\/\/www.kaoka.fr\/wp-content\/uploads\/2025\/12\/Chocolat-couverture-noir-75-cacao-saotome-sachet-250g.jpg","width":550,"height":638,"caption":"Bag of 75% cacao S\u00e3o Tom\u00e9 dark couverture chocolate from Kaoka"},{"@type":"BreadcrumbList","@id":"https:\/\/www.kaoka.fr\/en\/shop\/dark-couverture-chocolate-75-cocoa-sao-tome-organic-fair-trade-250g-bag\/#breadcrumb","itemListElement":[{"@type":"ListItem","position":1,"name":"Home page","item":"https:\/\/www.kaoka.fr\/en\/"},{"@type":"ListItem","position":2,"name":"Shop","item":"https:\/\/www.kaoka.fr\/en\/shop\/"},{"@type":"ListItem","position":3,"name":"Dark couverture chocolate 75% cocoa S\u00e3o Tom\u00e9"}]},{"@type":"WebSite","@id":"https:\/\/www.kaoka.fr\/en\/#website","url":"https:\/\/www.kaoka.fr\/en\/","name":"KAOKA","description":"Chocolats Bio &amp; \u00c9thiques par Nature","potentialAction":[{"@type":"SearchAction","target":{"@type":"EntryPoint","urlTemplate":"https:\/\/www.kaoka.fr\/en\/?s={search_term_string}"},"query-input":{"@type":"PropertyValueSpecification","valueRequired":true,"valueName":"search_term_string"}}],"inLanguage":"en-US"}]}},"product_new":true,"_links":{"self":[{"href":"https:\/\/www.kaoka.fr\/en\/wp-json\/wp\/v2\/product\/50367","targetHints":{"allow":["GET"]}}],"collection":[{"href":"https:\/\/www.kaoka.fr\/en\/wp-json\/wp\/v2\/product"}],"about":[{"href":"https:\/\/www.kaoka.fr\/en\/wp-json\/wp\/v2\/types\/product"}],"replies":[{"embeddable":true,"href":"https:\/\/www.kaoka.fr\/en\/wp-json\/wp\/v2\/comments?post=50367"}],"wp:featuredmedia":[{"embeddable":true,"href":"https:\/\/www.kaoka.fr\/en\/wp-json\/wp\/v2\/media\/51085"}],"wp:attachment":[{"href":"https:\/\/www.kaoka.fr\/en\/wp-json\/wp\/v2\/media?parent=50367"}],"wp:term":[{"taxonomy":"product_brand","embeddable":true,"href":"https:\/\/www.kaoka.fr\/en\/wp-json\/wp\/v2\/product_brand?post=50367"},{"taxonomy":"product_cat","embeddable":true,"href":"https:\/\/www.kaoka.fr\/en\/wp-json\/wp\/v2\/product_cat?post=50367"},{"taxonomy":"products_line","embeddable":true,"href":"https:\/\/www.kaoka.fr\/en\/wp-json\/wp\/v2\/products_line?post=50367"},{"taxonomy":"product_chocolate_type","embeddable":true,"href":"https:\/\/www.kaoka.fr\/en\/wp-json\/wp\/v2\/product_chocolate_type?post=50367"},{"taxonomy":"product_origin","embeddable":true,"href":"https:\/\/www.kaoka.fr\/en\/wp-json\/wp\/v2\/product_origin?post=50367"},{"taxonomy":"product_percentage","embeddable":true,"href":"https:\/\/www.kaoka.fr\/en\/wp-json\/wp\/v2\/product_percentage?post=50367"},{"taxonomy":"product_weight","embeddable":true,"href":"https:\/\/www.kaoka.fr\/en\/wp-json\/wp\/v2\/product_weight?post=50367"},{"taxonomy":"product_certification","embeddable":true,"href":"https:\/\/www.kaoka.fr\/en\/wp-json\/wp\/v2\/product_certification?post=50367"},{"taxonomy":"product_variety","embeddable":true,"href":"https:\/\/www.kaoka.fr\/en\/wp-json\/wp\/v2\/product_variety?post=50367"},{"taxonomy":"product_harvest","embeddable":true,"href":"https:\/\/www.kaoka.fr\/en\/wp-json\/wp\/v2\/product_harvest?post=50367"},{"taxonomy":"product_features","embeddable":true,"href":"https:\/\/www.kaoka.fr\/en\/wp-json\/wp\/v2\/product_features?post=50367"},{"taxonomy":"product_forms_uses","embeddable":true,"href":"https:\/\/www.kaoka.fr\/en\/wp-json\/wp\/v2\/product_forms_uses?post=50367"}],"curies":[{"name":"wp","href":"https:\/\/api.w.org\/{rel}","templated":true}]}}